{"id":74,"date":"2020-09-25T12:07:59","date_gmt":"2020-09-25T12:07:59","guid":{"rendered":"http:\/\/www.andrina.de\/?page_id=74"},"modified":"2024-12-10T08:49:41","modified_gmt":"2024-12-10T07:49:41","slug":"impressum","status":"publish","type":"page","link":"https:\/\/www.andrina.de\/index.php\/impressum\/","title":{"rendered":"Impressum"},"content":{"rendered":"<header class=\"entry-header\">\n<h1 class=\"entry-title\"><strong style=\"font-size: 16px;\">Rechtliche Angaben<\/strong><\/h1>\n<\/header>\n<div class=\"entry-content\">\n<p align=\"LEFT\"><b>Name der Gesellschaft<br \/>\n<\/b>Schwarzmann \u2013 Gesellschaft f\u00fcr Systeme und Service<br \/>\nim Informationswesen mbH<\/p>\n<p align=\"LEFT\"><b>Sitz der Gesellschaft<br \/>\n<\/b>Ziegetsdorfer Stra\u00dfe 80, D-93051 Regensburg,<br \/>\nGesch\u00e4ftsf\u00fchrer:<br \/>\nHans J. Schwarzmann<\/p>\n<p align=\"LEFT\"><b>E-Mail<br \/>\n<\/b>briefe@andrina.de<\/p>\n<p align=\"LEFT\"><b>Telefon<br \/>\n<\/b>+49 941 30796944<\/p>\n<p align=\"LEFT\"><b>Gr\u00fcndung<br \/>\n<\/b>1. Februar 1994<\/p>\n<p align=\"LEFT\"><b>Handelsregister<br \/>\n<\/b>Regensburg B 7141<\/p>\n<p align=\"LEFT\"><b>USt-IDNr. (VAT-Ident)<br \/>\n<\/b>DE 164 492 420<\/p>\n<\/div>\n","protected":false},"excerpt":{"rendered":"<p>Rechtliche Angaben Name der Gesellschaft Schwarzmann \u2013 Gesellschaft f\u00fcr Systeme und Service im Informationswesen mbH Sitz der Gesellschaft Ziegetsdorfer Stra\u00dfe 80, D-93051 Regensburg, Gesch\u00e4ftsf\u00fchrer: Hans J. Schwarzmann E-Mail briefe@andrina.de Telefon +49 941 30796944 Gr\u00fcndung 1. Februar 1994 Handelsregister Regensburg B 7141 USt-IDNr. (VAT-Ident) DE 164 492 420<\/p>\n","protected":false},"author":1,"featured_media":0,"parent":0,"menu_order":0,"comment_status":"closed","ping_status":"closed","template":"","meta":{"footnotes":""},"yoast_head":"<!-- This site is optimized with the Yoast SEO plugin v21.4 - https:\/\/yoast.com\/wordpress\/plugins\/seo\/ -->\n<title>Impressum - Andrina.de<\/title>\n<meta name=\"description\" content=\"Andrina.de hat auch ein Impressum. Alle relevanten Informationen befinden sich auf dieser Seite.\" \/>\n<meta name=\"robots\" content=\"index, follow, max-snippet:-1, max-image-preview:large, max-video-preview:-1\" \/>\n<link rel=\"canonical\" href=\"https:\/\/www.andrina.de\/index.php\/impressum\/\" \/>\n<meta property=\"og:locale\" content=\"de_DE\" \/>\n<meta property=\"og:type\" content=\"article\" \/>\n<meta property=\"og:title\" content=\"Impressum - Andrina.de\" \/>\n<meta property=\"og:description\" content=\"Andrina.de hat auch ein Impressum. Alle relevanten Informationen befinden sich auf dieser Seite.\" \/>\n<meta property=\"og:url\" content=\"https:\/\/www.andrina.de\/index.php\/impressum\/\" \/>\n<meta property=\"og:site_name\" content=\"Andrina.de\" \/>\n<meta property=\"article:modified_time\" content=\"2024-12-10T07:49:41+00:00\" \/>\n<meta name=\"twitter:card\" content=\"summary_large_image\" \/>\n<meta name=\"twitter:label1\" content=\"Est. reading time\" \/>\n\t<meta name=\"twitter:data1\" content=\"1 minute\" \/>\n<script type=\"application\/ld+json\" class=\"yoast-schema-graph\">{\"@context\":\"https:\/\/schema.org\",\"@graph\":[{\"@type\":\"WebPage\",\"@id\":\"https:\/\/www.andrina.de\/index.php\/impressum\/\",\"url\":\"https:\/\/www.andrina.de\/index.php\/impressum\/\",\"name\":\"Impressum - Andrina.de\",\"isPartOf\":{\"@id\":\"https:\/\/www.andrina.de\/#website\"},\"datePublished\":\"2020-09-25T12:07:59+00:00\",\"dateModified\":\"2024-12-10T07:49:41+00:00\",\"description\":\"Andrina.de hat auch ein Impressum. Alle relevanten Informationen befinden sich auf dieser Seite.\",\"breadcrumb\":{\"@id\":\"https:\/\/www.andrina.de\/index.php\/impressum\/#breadcrumb\"},\"inLanguage\":\"de\",\"potentialAction\":[{\"@type\":\"ReadAction\",\"target\":[\"https:\/\/www.andrina.de\/index.php\/impressum\/\"]}]},{\"@type\":\"BreadcrumbList\",\"@id\":\"https:\/\/www.andrina.de\/index.php\/impressum\/#breadcrumb\",\"itemListElement\":[{\"@type\":\"ListItem\",\"position\":1,\"name\":\"Home\",\"item\":\"https:\/\/www.andrina.de\/\"},{\"@type\":\"ListItem\",\"position\":2,\"name\":\"Impressum\"}]},{\"@type\":\"WebSite\",\"@id\":\"https:\/\/www.andrina.de\/#website\",\"url\":\"https:\/\/www.andrina.de\/\",\"name\":\"Andrina.de\",\"description\":\"Blogazine gesponsert von purux\",\"publisher\":{\"@id\":\"https:\/\/www.andrina.de\/#organization\"},\"potentialAction\":[{\"@type\":\"SearchAction\",\"target\":{\"@type\":\"EntryPoint\",\"urlTemplate\":\"https:\/\/www.andrina.de\/?s={search_term_string}\"},\"query-input\":\"required name=search_term_string\"}],\"inLanguage\":\"de\"},{\"@type\":\"Organization\",\"@id\":\"https:\/\/www.andrina.de\/#organization\",\"name\":\"Andrina.de\",\"url\":\"https:\/\/www.andrina.de\/\",\"logo\":{\"@type\":\"ImageObject\",\"inLanguage\":\"de\",\"@id\":\"https:\/\/www.andrina.de\/#\/schema\/logo\/image\/\",\"url\":\"https:\/\/www.andrina.de\/wp-content\/uploads\/2020\/09\/cropped-Andrina.de_Logo_final-2.png\",\"contentUrl\":\"https:\/\/www.andrina.de\/wp-content\/uploads\/2020\/09\/cropped-Andrina.de_Logo_final-2.png\",\"width\":1042,\"height\":984,\"caption\":\"Andrina.de\"},\"image\":{\"@id\":\"https:\/\/www.andrina.de\/#\/schema\/logo\/image\/\"}}]}<\/script>\n<!-- \/ Yoast SEO plugin. -->","yoast_head_json":{"title":"Impressum - Andrina.de","description":"Andrina.de hat auch ein Impressum. Alle relevanten Informationen befinden sich auf dieser Seite.","robots":{"index":"index","follow":"follow","max-snippet":"max-snippet:-1","max-image-preview":"max-image-preview:large","max-video-preview":"max-video-preview:-1"},"canonical":"https:\/\/www.andrina.de\/index.php\/impressum\/","og_locale":"de_DE","og_type":"article","og_title":"Impressum - Andrina.de","og_description":"Andrina.de hat auch ein Impressum. Alle relevanten Informationen befinden sich auf dieser Seite.","og_url":"https:\/\/www.andrina.de\/index.php\/impressum\/","og_site_name":"Andrina.de","article_modified_time":"2024-12-10T07:49:41+00:00","twitter_card":"summary_large_image","twitter_misc":{"Est. reading time":"1 minute"},"schema":{"@context":"https:\/\/schema.org","@graph":[{"@type":"WebPage","@id":"https:\/\/www.andrina.de\/index.php\/impressum\/","url":"https:\/\/www.andrina.de\/index.php\/impressum\/","name":"Impressum - Andrina.de","isPartOf":{"@id":"https:\/\/www.andrina.de\/#website"},"datePublished":"2020-09-25T12:07:59+00:00","dateModified":"2024-12-10T07:49:41+00:00","description":"Andrina.de hat auch ein Impressum. Alle relevanten Informationen befinden sich auf dieser Seite.","breadcrumb":{"@id":"https:\/\/www.andrina.de\/index.php\/impressum\/#breadcrumb"},"inLanguage":"de","potentialAction":[{"@type":"ReadAction","target":["https:\/\/www.andrina.de\/index.php\/impressum\/"]}]},{"@type":"BreadcrumbList","@id":"https:\/\/www.andrina.de\/index.php\/impressum\/#breadcrumb","itemListElement":[{"@type":"ListItem","position":1,"name":"Home","item":"https:\/\/www.andrina.de\/"},{"@type":"ListItem","position":2,"name":"Impressum"}]},{"@type":"WebSite","@id":"https:\/\/www.andrina.de\/#website","url":"https:\/\/www.andrina.de\/","name":"Andrina.de","description":"Blogazine gesponsert von purux","publisher":{"@id":"https:\/\/www.andrina.de\/#organization"},"potentialAction":[{"@type":"SearchAction","target":{"@type":"EntryPoint","urlTemplate":"https:\/\/www.andrina.de\/?s={search_term_string}"},"query-input":"required name=search_term_string"}],"inLanguage":"de"},{"@type":"Organization","@id":"https:\/\/www.andrina.de\/#organization","name":"Andrina.de","url":"https:\/\/www.andrina.de\/","logo":{"@type":"ImageObject","inLanguage":"de","@id":"https:\/\/www.andrina.de\/#\/schema\/logo\/image\/","url":"https:\/\/www.andrina.de\/wp-content\/uploads\/2020\/09\/cropped-Andrina.de_Logo_final-2.png","contentUrl":"https:\/\/www.andrina.de\/wp-content\/uploads\/2020\/09\/cropped-Andrina.de_Logo_final-2.png","width":1042,"height":984,"caption":"Andrina.de"},"image":{"@id":"https:\/\/www.andrina.de\/#\/schema\/logo\/image\/"}}]}},"_edit_lock":"1733816963:1","_edit_last":"1","tc-thumb-fld":{"_thumb_id":false,"_thumb_type":"attachment"},"fpu-thumb-fld":{"_thumb_id":null,"_thumb_type":"attachment"},"_wp_page_template":"default","layout_key":"","post_slider_check_key":"0","_yoast_wpseo_estimated-reading-time-minutes":"1","_yoast_wpseo_wordproof_timestamp":"","_yoast_wpseo_content_score":"90","_yoast_wpseo_schema_page_type":"","_yoast_wpseo_meta-robots-noindex":"","_yoast_wpseo_meta-robots-nofollow":"","_yoast_wpseo_focuskw":"Impressum","_yoast_wpseo_metadesc":"Andrina.de hat auch ein Impressum. Alle relevanten Informationen befinden sich auf dieser Seite.","_yoast_wpseo_linkdex":"39","_thumbnail_id":"","_oembed_44df5b218f18914e918596cd5d2ef22d":"","_oembed_111a24df02dae89af0f02428d9b590f7":"","_links":{"self":[{"href":"https:\/\/www.andrina.de\/index.php\/wp-json\/wp\/v2\/pages\/74"}],"collection":[{"href":"https:\/\/www.andrina.de\/index.php\/wp-json\/wp\/v2\/pages"}],"about":[{"href":"https:\/\/www.andrina.de\/index.php\/wp-json\/wp\/v2\/types\/page"}],"author":[{"embeddable":true,"href":"https:\/\/www.andrina.de\/index.php\/wp-json\/wp\/v2\/users\/1"}],"replies":[{"embeddable":true,"href":"https:\/\/www.andrina.de\/index.php\/wp-json\/wp\/v2\/comments?post=74"}],"version-history":[{"count":5,"href":"https:\/\/www.andrina.de\/index.php\/wp-json\/wp\/v2\/pages\/74\/revisions"}],"predecessor-version":[{"id":179686,"href":"https:\/\/www.andrina.de\/index.php\/wp-json\/wp\/v2\/pages\/74\/revisions\/179686"}],"wp:attachment":[{"href":"https:\/\/www.andrina.de\/index.php\/wp-json\/wp\/v2\/media?parent=74"}],"curies":[{"name":"wp","href":"https:\/\/api.w.org\/{rel}","templated":true}]}}