{"id":67,"date":"2020-09-25T12:05:05","date_gmt":"2020-09-25T12:05:05","guid":{"rendered":"http:\/\/www.andrina.de\/?page_id=67"},"modified":"2023-02-14T16:34:30","modified_gmt":"2023-02-14T15:34:30","slug":"facebook-gruppen","status":"publish","type":"page","link":"https:\/\/www.andrina.de\/index.php\/facebook-gruppen\/","title":{"rendered":"Facebook Gruppen"},"content":{"rendered":"<p>Hier findet ihr eine Auflistung unserer Lieblings-Facebook-Gruppen. Ihr k\u00f6nnt euch hier Inspiration holen, Fragen stellen und nat\u00fcrlich auch miteinander diskutieren. Nat\u00fcrlich ist das Team von Andrina.de auch in diesen Gruppen aktiv unterwegs.<\/p>\n<p>&nbsp;<\/p>\n<p><a href=\"https:\/\/www.facebook.com\/groups\/natron.soda\/\" target=\"_blank\" rel=\"noopener noreferrer\">Hausmittel &#8211; Anwendungen, Tips mit Natron, Soda, Wasserstoffperoxid&#8230;<\/a><\/p>\n<p><a href=\"https:\/\/www.facebook.com\/groups\/VitaminD.alternativeGruppe\/\" target=\"_blank\" rel=\"noopener noreferrer\">Vitamin D &#8211; die alternative Gruppe<\/a><\/p>\n<p><a href=\"https:\/\/www.facebook.com\/groups\/MagnesiumTransdermal\/\" target=\"_blank\" rel=\"noopener noreferrer\">Magnesium &#8211; transdermal, oral, \u00d6l, Wickel<\/a><\/p>\n<p>&nbsp;<\/p>\n","protected":false},"excerpt":{"rendered":"<p>Hier findet ihr eine Auflistung unserer Lieblings-Facebook-Gruppen. Ihr k\u00f6nnt euch hier Inspiration holen, Fragen stellen und nat\u00fcrlich auch miteinander diskutieren. Nat\u00fcrlich ist das Team von Andrina.de auch in diesen Gruppen aktiv unterwegs. &nbsp; Hausmittel &#8211; Anwendungen, Tips mit Natron, Soda, Wasserstoffperoxid&#8230; Vitamin D &#8211; die alternative Gruppe Magnesium &#8211; transdermal, oral, \u00d6l, Wickel &nbsp;<\/p>\n","protected":false},"author":1,"featured_media":0,"parent":0,"menu_order":0,"comment_status":"closed","ping_status":"closed","template":"","meta":{"footnotes":""},"yoast_head":"<!-- This site is optimized with the Yoast SEO plugin v21.4 - https:\/\/yoast.com\/wordpress\/plugins\/seo\/ -->\n<title>Facebook Gruppen - Andrina.de<\/title>\n<meta name=\"description\" content=\"Hier empfehlen wir euch Facebook Gruppen, die wir toll finden. Hier k\u00f6nnt ihr diskutieren, euch austauschen und Fragen stellen.\" \/>\n<meta name=\"robots\" content=\"index, follow, max-snippet:-1, max-image-preview:large, max-video-preview:-1\" \/>\n<link rel=\"canonical\" href=\"https:\/\/www.andrina.de\/index.php\/facebook-gruppen\/\" \/>\n<meta property=\"og:locale\" content=\"de_DE\" \/>\n<meta property=\"og:type\" content=\"article\" \/>\n<meta property=\"og:title\" content=\"Facebook Gruppen - Andrina.de\" \/>\n<meta property=\"og:description\" content=\"Hier empfehlen wir euch Facebook Gruppen, die wir toll finden. Hier k\u00f6nnt ihr diskutieren, euch austauschen und Fragen stellen.\" \/>\n<meta property=\"og:url\" content=\"https:\/\/www.andrina.de\/index.php\/facebook-gruppen\/\" \/>\n<meta property=\"og:site_name\" content=\"Andrina.de\" \/>\n<meta property=\"article:modified_time\" content=\"2023-02-14T15:34:30+00:00\" \/>\n<meta name=\"twitter:card\" content=\"summary_large_image\" \/>\n<meta name=\"twitter:label1\" content=\"Est. reading time\" \/>\n\t<meta name=\"twitter:data1\" content=\"1 minute\" \/>\n<script type=\"application\/ld+json\" class=\"yoast-schema-graph\">{\"@context\":\"https:\/\/schema.org\",\"@graph\":[{\"@type\":\"WebPage\",\"@id\":\"https:\/\/www.andrina.de\/index.php\/facebook-gruppen\/\",\"url\":\"https:\/\/www.andrina.de\/index.php\/facebook-gruppen\/\",\"name\":\"Facebook Gruppen - Andrina.de\",\"isPartOf\":{\"@id\":\"https:\/\/www.andrina.de\/#website\"},\"datePublished\":\"2020-09-25T12:05:05+00:00\",\"dateModified\":\"2023-02-14T15:34:30+00:00\",\"description\":\"Hier empfehlen wir euch Facebook Gruppen, die wir toll finden. Hier k\u00f6nnt ihr diskutieren, euch austauschen und Fragen stellen.\",\"breadcrumb\":{\"@id\":\"https:\/\/www.andrina.de\/index.php\/facebook-gruppen\/#breadcrumb\"},\"inLanguage\":\"de\",\"potentialAction\":[{\"@type\":\"ReadAction\",\"target\":[\"https:\/\/www.andrina.de\/index.php\/facebook-gruppen\/\"]}]},{\"@type\":\"BreadcrumbList\",\"@id\":\"https:\/\/www.andrina.de\/index.php\/facebook-gruppen\/#breadcrumb\",\"itemListElement\":[{\"@type\":\"ListItem\",\"position\":1,\"name\":\"Home\",\"item\":\"https:\/\/www.andrina.de\/\"},{\"@type\":\"ListItem\",\"position\":2,\"name\":\"Facebook Gruppen\"}]},{\"@type\":\"WebSite\",\"@id\":\"https:\/\/www.andrina.de\/#website\",\"url\":\"https:\/\/www.andrina.de\/\",\"name\":\"Andrina.de\",\"description\":\"Blogazine gesponsert von purux\",\"publisher\":{\"@id\":\"https:\/\/www.andrina.de\/#organization\"},\"potentialAction\":[{\"@type\":\"SearchAction\",\"target\":{\"@type\":\"EntryPoint\",\"urlTemplate\":\"https:\/\/www.andrina.de\/?s={search_term_string}\"},\"query-input\":\"required name=search_term_string\"}],\"inLanguage\":\"de\"},{\"@type\":\"Organization\",\"@id\":\"https:\/\/www.andrina.de\/#organization\",\"name\":\"Andrina.de\",\"url\":\"https:\/\/www.andrina.de\/\",\"logo\":{\"@type\":\"ImageObject\",\"inLanguage\":\"de\",\"@id\":\"https:\/\/www.andrina.de\/#\/schema\/logo\/image\/\",\"url\":\"https:\/\/www.andrina.de\/wp-content\/uploads\/2020\/09\/cropped-Andrina.de_Logo_final-2.png\",\"contentUrl\":\"https:\/\/www.andrina.de\/wp-content\/uploads\/2020\/09\/cropped-Andrina.de_Logo_final-2.png\",\"width\":1042,\"height\":984,\"caption\":\"Andrina.de\"},\"image\":{\"@id\":\"https:\/\/www.andrina.de\/#\/schema\/logo\/image\/\"}}]}<\/script>\n<!-- \/ Yoast SEO plugin. -->","yoast_head_json":{"title":"Facebook Gruppen - Andrina.de","description":"Hier empfehlen wir euch Facebook Gruppen, die wir toll finden. Hier k\u00f6nnt ihr diskutieren, euch austauschen und Fragen stellen.","robots":{"index":"index","follow":"follow","max-snippet":"max-snippet:-1","max-image-preview":"max-image-preview:large","max-video-preview":"max-video-preview:-1"},"canonical":"https:\/\/www.andrina.de\/index.php\/facebook-gruppen\/","og_locale":"de_DE","og_type":"article","og_title":"Facebook Gruppen - Andrina.de","og_description":"Hier empfehlen wir euch Facebook Gruppen, die wir toll finden. Hier k\u00f6nnt ihr diskutieren, euch austauschen und Fragen stellen.","og_url":"https:\/\/www.andrina.de\/index.php\/facebook-gruppen\/","og_site_name":"Andrina.de","article_modified_time":"2023-02-14T15:34:30+00:00","twitter_card":"summary_large_image","twitter_misc":{"Est. reading time":"1 minute"},"schema":{"@context":"https:\/\/schema.org","@graph":[{"@type":"WebPage","@id":"https:\/\/www.andrina.de\/index.php\/facebook-gruppen\/","url":"https:\/\/www.andrina.de\/index.php\/facebook-gruppen\/","name":"Facebook Gruppen - Andrina.de","isPartOf":{"@id":"https:\/\/www.andrina.de\/#website"},"datePublished":"2020-09-25T12:05:05+00:00","dateModified":"2023-02-14T15:34:30+00:00","description":"Hier empfehlen wir euch Facebook Gruppen, die wir toll finden. Hier k\u00f6nnt ihr diskutieren, euch austauschen und Fragen stellen.","breadcrumb":{"@id":"https:\/\/www.andrina.de\/index.php\/facebook-gruppen\/#breadcrumb"},"inLanguage":"de","potentialAction":[{"@type":"ReadAction","target":["https:\/\/www.andrina.de\/index.php\/facebook-gruppen\/"]}]},{"@type":"BreadcrumbList","@id":"https:\/\/www.andrina.de\/index.php\/facebook-gruppen\/#breadcrumb","itemListElement":[{"@type":"ListItem","position":1,"name":"Home","item":"https:\/\/www.andrina.de\/"},{"@type":"ListItem","position":2,"name":"Facebook Gruppen"}]},{"@type":"WebSite","@id":"https:\/\/www.andrina.de\/#website","url":"https:\/\/www.andrina.de\/","name":"Andrina.de","description":"Blogazine gesponsert von purux","publisher":{"@id":"https:\/\/www.andrina.de\/#organization"},"potentialAction":[{"@type":"SearchAction","target":{"@type":"EntryPoint","urlTemplate":"https:\/\/www.andrina.de\/?s={search_term_string}"},"query-input":"required name=search_term_string"}],"inLanguage":"de"},{"@type":"Organization","@id":"https:\/\/www.andrina.de\/#organization","name":"Andrina.de","url":"https:\/\/www.andrina.de\/","logo":{"@type":"ImageObject","inLanguage":"de","@id":"https:\/\/www.andrina.de\/#\/schema\/logo\/image\/","url":"https:\/\/www.andrina.de\/wp-content\/uploads\/2020\/09\/cropped-Andrina.de_Logo_final-2.png","contentUrl":"https:\/\/www.andrina.de\/wp-content\/uploads\/2020\/09\/cropped-Andrina.de_Logo_final-2.png","width":1042,"height":984,"caption":"Andrina.de"},"image":{"@id":"https:\/\/www.andrina.de\/#\/schema\/logo\/image\/"}}]}},"_edit_lock":"1676388730:1","_edit_last":"1","tc-thumb-fld":{"_thumb_id":false,"_thumb_type":"attachment"},"fpu-thumb-fld":{"_thumb_id":null,"_thumb_type":"attachment"},"_wp_page_template":"default","layout_key":"","post_slider_check_key":"0","_yoast_wpseo_estimated-reading-time-minutes":"1","_yoast_wpseo_wordproof_timestamp":"","_yoast_wpseo_content_score":"90","_yoast_wpseo_schema_page_type":"","_yoast_wpseo_meta-robots-noindex":"","_yoast_wpseo_meta-robots-nofollow":"","_yoast_wpseo_focuskw":"Facebook Gruppen","_yoast_wpseo_metadesc":"Hier empfehlen wir euch Facebook Gruppen, die wir toll finden. Hier k\u00f6nnt ihr diskutieren, euch austauschen und Fragen stellen.","_yoast_wpseo_linkdex":"50","_thumbnail_id":"","_oembed_44df5b218f18914e918596cd5d2ef22d":"{{unknown}}","_oembed_111a24df02dae89af0f02428d9b590f7":"{{unknown}}","_links":{"self":[{"href":"https:\/\/www.andrina.de\/index.php\/wp-json\/wp\/v2\/pages\/67"}],"collection":[{"href":"https:\/\/www.andrina.de\/index.php\/wp-json\/wp\/v2\/pages"}],"about":[{"href":"https:\/\/www.andrina.de\/index.php\/wp-json\/wp\/v2\/types\/page"}],"author":[{"embeddable":true,"href":"https:\/\/www.andrina.de\/index.php\/wp-json\/wp\/v2\/users\/1"}],"replies":[{"embeddable":true,"href":"https:\/\/www.andrina.de\/index.php\/wp-json\/wp\/v2\/comments?post=67"}],"version-history":[{"count":7,"href":"https:\/\/www.andrina.de\/index.php\/wp-json\/wp\/v2\/pages\/67\/revisions"}],"predecessor-version":[{"id":5559,"href":"https:\/\/www.andrina.de\/index.php\/wp-json\/wp\/v2\/pages\/67\/revisions\/5559"}],"wp:attachment":[{"href":"https:\/\/www.andrina.de\/index.php\/wp-json\/wp\/v2\/media?parent=67"}],"curies":[{"name":"wp","href":"https:\/\/api.w.org\/{rel}","templated":true}]}}