{"id":65,"date":"2020-09-25T12:04:37","date_gmt":"2020-09-25T12:04:37","guid":{"rendered":"http:\/\/www.andrina.de\/?page_id=65"},"modified":"2024-10-18T13:31:00","modified_gmt":"2024-10-18T12:31:00","slug":"sponsoren","status":"publish","type":"page","link":"https:\/\/www.andrina.de\/index.php\/sponsoren\/","title":{"rendered":"Sponsoren"},"content":{"rendered":"<p>Nur durch die Zusammenarbeit mit tollen Sponsoren, ist Andrina.de \u00fcberhaupt m\u00f6glich.<\/p>\n<p>Andrina.de ist f\u00fcr euch als Leser nat\u00fcrlich kostenlos, was aber nicht hei\u00dft, dass das Blogazine f\u00fcr uns umsonst ist. Wir sind kein einfacher Hobby-Blog, sondern ein Online Magazin hinter welchem eine GmbH steht. Unsere Autoren verf\u00fcgen \u00fcber fundiertes Fachwissen, investieren viel Zeit f\u00fcr das Blogazine und k\u00f6nnen nat\u00fcrlich nicht nur von Luft und Liebe leben \ud83d\ude09<\/p>\n<h2>Hier stellen wir euch unsere Sponsoren vor.<\/h2>\n<p>&nbsp;<\/p>\n<h3><a href=\"https:\/\/www.purux.de\/?sPartner=b0adb684\"><img decoding=\"async\" loading=\"lazy\" class=\"alignleft wp-image-7653\" src=\"https:\/\/www.andrina.de\/wp-content\/uploads\/2023\/07\/logo_purux_4c_klein-300x155.png\" alt=\"\" width=\"275\" height=\"142\" srcset=\"https:\/\/www.andrina.de\/wp-content\/uploads\/2023\/07\/logo_purux_4c_klein-300x155.png 300w, https:\/\/www.andrina.de\/wp-content\/uploads\/2023\/07\/logo_purux_4c_klein-768x396.png 768w, https:\/\/www.andrina.de\/wp-content\/uploads\/2023\/07\/logo_purux_4c_klein-570x294.png 570w, https:\/\/www.andrina.de\/wp-content\/uploads\/2023\/07\/logo_purux_4c_klein.png 867w\" sizes=\"(max-width: 275px) 100vw, 275px\" \/><\/a><\/h3>\n<h3>purux.de<\/h3>\n<p>purux versorgt uns regelm\u00e4\u00dfig mit altbew\u00e4hrten Hausmitteln, welche wir f\u00fcr viele unserer Projekte verwenden. Im <a href=\"https:\/\/www.purux.de\/?sPartner=b0adb684\" target=\"_blank\" rel=\"noopener noreferrer\">Onlineshop von purux<\/a> finden sich neben vielseitigen Hausmitteln f\u00fcr den nachhaltigen Haushalt wundervolle Bademinderalien, Produkte f\u00fcr den nachhaltigen Pool, Salze und Getreide. Egal ob Gro\u00dfkunde oder Kleinstabnehmer, die Preise sind unschlagbar. Wir sind begeistert von der Qualit\u00e4t der Produkte und empfehlen diese nur zu gerne weiter.<\/p>\n<p>&nbsp;<\/p>\n<p>&nbsp;<\/p>\n<p>&nbsp;<\/p>\n<p><img decoding=\"async\" loading=\"lazy\" class=\"alignnone wp-image-123\" src=\"https:\/\/www.andrina.de\/wp-content\/uploads\/2020\/10\/Andrina.de_Geschirrspulpulver03l-1024x683.jpg\" alt=\"\" width=\"300\" height=\"200\" srcset=\"https:\/\/www.andrina.de\/wp-content\/uploads\/2020\/10\/Andrina.de_Geschirrspulpulver03l-1024x683.jpg 1024w, https:\/\/www.andrina.de\/wp-content\/uploads\/2020\/10\/Andrina.de_Geschirrspulpulver03l-300x200.jpg 300w, https:\/\/www.andrina.de\/wp-content\/uploads\/2020\/10\/Andrina.de_Geschirrspulpulver03l-768x512.jpg 768w, https:\/\/www.andrina.de\/wp-content\/uploads\/2020\/10\/Andrina.de_Geschirrspulpulver03l-570x380.jpg 570w, https:\/\/www.andrina.de\/wp-content\/uploads\/2020\/10\/Andrina.de_Geschirrspulpulver03l.jpg 1500w\" sizes=\"(max-width: 300px) 100vw, 300px\" \/> <img decoding=\"async\" loading=\"lazy\" class=\"alignnone wp-image-400\" src=\"https:\/\/www.andrina.de\/wp-content\/uploads\/2020\/11\/Andrina_gesponsert_von_purux-1024x683.jpg\" alt=\"\" width=\"300\" height=\"200\" srcset=\"https:\/\/www.andrina.de\/wp-content\/uploads\/2020\/11\/Andrina_gesponsert_von_purux-1024x683.jpg 1024w, https:\/\/www.andrina.de\/wp-content\/uploads\/2020\/11\/Andrina_gesponsert_von_purux-300x200.jpg 300w, https:\/\/www.andrina.de\/wp-content\/uploads\/2020\/11\/Andrina_gesponsert_von_purux-768x512.jpg 768w, https:\/\/www.andrina.de\/wp-content\/uploads\/2020\/11\/Andrina_gesponsert_von_purux-570x380.jpg 570w, https:\/\/www.andrina.de\/wp-content\/uploads\/2020\/11\/Andrina_gesponsert_von_purux.jpg 1500w\" sizes=\"(max-width: 300px) 100vw, 300px\" \/> <img decoding=\"async\" loading=\"lazy\" class=\"alignnone wp-image-42\" src=\"https:\/\/www.andrina.de\/wp-content\/uploads\/2020\/09\/Andrina.de_Badebomben_01l-1024x683.jpg\" alt=\"\" width=\"300\" height=\"200\" srcset=\"https:\/\/www.andrina.de\/wp-content\/uploads\/2020\/09\/Andrina.de_Badebomben_01l-1024x683.jpg 1024w, https:\/\/www.andrina.de\/wp-content\/uploads\/2020\/09\/Andrina.de_Badebomben_01l-300x200.jpg 300w, https:\/\/www.andrina.de\/wp-content\/uploads\/2020\/09\/Andrina.de_Badebomben_01l-768x512.jpg 768w, https:\/\/www.andrina.de\/wp-content\/uploads\/2020\/09\/Andrina.de_Badebomben_01l-570x380.jpg 570w, https:\/\/www.andrina.de\/wp-content\/uploads\/2020\/09\/Andrina.de_Badebomben_01l.jpg 1500w\" sizes=\"(max-width: 300px) 100vw, 300px\" \/><\/p>\n<p>&nbsp;<\/p>\n<p><strong>Wir freuen uns nat\u00fcrlich \u00fcber neue Sponsoren, die das Projekt Andrina.de weiter voranbringen.<\/strong><\/p>\n<p>Ihr f\u00fchlt euch angesprochen, weil eure Produkte nachhaltig sind und zu uns passen? Dann meldet euch gerne per E-Mail bei uns. Schickt uns eure kurze Bewerbung mit dem Betreff &#8220;Kooperation&#8221; an <a href=\"mailto:briefe@andrina.de\">briefe@andrina.de<\/a>.<\/p>\n","protected":false},"excerpt":{"rendered":"<p>Nur durch die Zusammenarbeit mit tollen Sponsoren, ist Andrina.de \u00fcberhaupt m\u00f6glich. Andrina.de ist f\u00fcr euch als Leser nat\u00fcrlich kostenlos, was aber nicht hei\u00dft, dass das Blogazine f\u00fcr uns umsonst ist. Wir sind kein einfacher Hobby-Blog, sondern ein Online Magazin hinter welchem eine GmbH steht. Unsere Autoren verf\u00fcgen \u00fcber fundiertes Fachwissen, investieren viel Zeit f\u00fcr das [&hellip;]<\/p>\n","protected":false},"author":1,"featured_media":0,"parent":0,"menu_order":0,"comment_status":"closed","ping_status":"closed","template":"","meta":{"footnotes":""},"yoast_head":"<!-- This site is optimized with the Yoast SEO plugin v21.4 - https:\/\/yoast.com\/wordpress\/plugins\/seo\/ -->\n<title>Sponsoren - Andrina.de<\/title>\n<meta name=\"description\" content=\"Hier stellen wir die Sponsoren von Andrina.de vor. Ihr m\u00f6chtet selbst Sponsor werden? Dann findet ihr hier die M\u00f6glichkeit dazu.\" \/>\n<meta name=\"robots\" content=\"index, follow, max-snippet:-1, max-image-preview:large, max-video-preview:-1\" \/>\n<link rel=\"canonical\" href=\"https:\/\/www.andrina.de\/index.php\/sponsoren\/\" \/>\n<meta property=\"og:locale\" content=\"de_DE\" \/>\n<meta property=\"og:type\" content=\"article\" \/>\n<meta property=\"og:title\" content=\"Sponsoren - Andrina.de\" \/>\n<meta property=\"og:description\" content=\"Hier stellen wir die Sponsoren von Andrina.de vor. Ihr m\u00f6chtet selbst Sponsor werden? Dann findet ihr hier die M\u00f6glichkeit dazu.\" \/>\n<meta property=\"og:url\" content=\"https:\/\/www.andrina.de\/index.php\/sponsoren\/\" \/>\n<meta property=\"og:site_name\" content=\"Andrina.de\" \/>\n<meta property=\"article:modified_time\" content=\"2024-10-18T12:31:00+00:00\" \/>\n<meta property=\"og:image\" content=\"https:\/\/www.andrina.de\/wp-content\/uploads\/2023\/07\/logo_purux_4c_klein-300x155.png\" \/>\n<meta name=\"twitter:card\" content=\"summary_large_image\" \/>\n<meta name=\"twitter:label1\" content=\"Est. reading time\" \/>\n\t<meta name=\"twitter:data1\" content=\"2 minutes\" \/>\n<script type=\"application\/ld+json\" class=\"yoast-schema-graph\">{\"@context\":\"https:\/\/schema.org\",\"@graph\":[{\"@type\":\"WebPage\",\"@id\":\"https:\/\/www.andrina.de\/index.php\/sponsoren\/\",\"url\":\"https:\/\/www.andrina.de\/index.php\/sponsoren\/\",\"name\":\"Sponsoren - Andrina.de\",\"isPartOf\":{\"@id\":\"https:\/\/www.andrina.de\/#website\"},\"datePublished\":\"2020-09-25T12:04:37+00:00\",\"dateModified\":\"2024-10-18T12:31:00+00:00\",\"description\":\"Hier stellen wir die Sponsoren von Andrina.de vor. Ihr m\u00f6chtet selbst Sponsor werden? Dann findet ihr hier die M\u00f6glichkeit dazu.\",\"breadcrumb\":{\"@id\":\"https:\/\/www.andrina.de\/index.php\/sponsoren\/#breadcrumb\"},\"inLanguage\":\"de\",\"potentialAction\":[{\"@type\":\"ReadAction\",\"target\":[\"https:\/\/www.andrina.de\/index.php\/sponsoren\/\"]}]},{\"@type\":\"BreadcrumbList\",\"@id\":\"https:\/\/www.andrina.de\/index.php\/sponsoren\/#breadcrumb\",\"itemListElement\":[{\"@type\":\"ListItem\",\"position\":1,\"name\":\"Home\",\"item\":\"https:\/\/www.andrina.de\/\"},{\"@type\":\"ListItem\",\"position\":2,\"name\":\"Sponsoren\"}]},{\"@type\":\"WebSite\",\"@id\":\"https:\/\/www.andrina.de\/#website\",\"url\":\"https:\/\/www.andrina.de\/\",\"name\":\"Andrina.de\",\"description\":\"Blogazine gesponsert von purux\",\"publisher\":{\"@id\":\"https:\/\/www.andrina.de\/#organization\"},\"potentialAction\":[{\"@type\":\"SearchAction\",\"target\":{\"@type\":\"EntryPoint\",\"urlTemplate\":\"https:\/\/www.andrina.de\/?s={search_term_string}\"},\"query-input\":\"required name=search_term_string\"}],\"inLanguage\":\"de\"},{\"@type\":\"Organization\",\"@id\":\"https:\/\/www.andrina.de\/#organization\",\"name\":\"Andrina.de\",\"url\":\"https:\/\/www.andrina.de\/\",\"logo\":{\"@type\":\"ImageObject\",\"inLanguage\":\"de\",\"@id\":\"https:\/\/www.andrina.de\/#\/schema\/logo\/image\/\",\"url\":\"https:\/\/www.andrina.de\/wp-content\/uploads\/2020\/09\/cropped-Andrina.de_Logo_final-2.png\",\"contentUrl\":\"https:\/\/www.andrina.de\/wp-content\/uploads\/2020\/09\/cropped-Andrina.de_Logo_final-2.png\",\"width\":1042,\"height\":984,\"caption\":\"Andrina.de\"},\"image\":{\"@id\":\"https:\/\/www.andrina.de\/#\/schema\/logo\/image\/\"}}]}<\/script>\n<!-- \/ Yoast SEO plugin. -->","yoast_head_json":{"title":"Sponsoren - Andrina.de","description":"Hier stellen wir die Sponsoren von Andrina.de vor. Ihr m\u00f6chtet selbst Sponsor werden? Dann findet ihr hier die M\u00f6glichkeit dazu.","robots":{"index":"index","follow":"follow","max-snippet":"max-snippet:-1","max-image-preview":"max-image-preview:large","max-video-preview":"max-video-preview:-1"},"canonical":"https:\/\/www.andrina.de\/index.php\/sponsoren\/","og_locale":"de_DE","og_type":"article","og_title":"Sponsoren - Andrina.de","og_description":"Hier stellen wir die Sponsoren von Andrina.de vor. Ihr m\u00f6chtet selbst Sponsor werden? Dann findet ihr hier die M\u00f6glichkeit dazu.","og_url":"https:\/\/www.andrina.de\/index.php\/sponsoren\/","og_site_name":"Andrina.de","article_modified_time":"2024-10-18T12:31:00+00:00","og_image":[{"url":"https:\/\/www.andrina.de\/wp-content\/uploads\/2023\/07\/logo_purux_4c_klein-300x155.png"}],"twitter_card":"summary_large_image","twitter_misc":{"Est. reading time":"2 minutes"},"schema":{"@context":"https:\/\/schema.org","@graph":[{"@type":"WebPage","@id":"https:\/\/www.andrina.de\/index.php\/sponsoren\/","url":"https:\/\/www.andrina.de\/index.php\/sponsoren\/","name":"Sponsoren - Andrina.de","isPartOf":{"@id":"https:\/\/www.andrina.de\/#website"},"datePublished":"2020-09-25T12:04:37+00:00","dateModified":"2024-10-18T12:31:00+00:00","description":"Hier stellen wir die Sponsoren von Andrina.de vor. Ihr m\u00f6chtet selbst Sponsor werden? Dann findet ihr hier die M\u00f6glichkeit dazu.","breadcrumb":{"@id":"https:\/\/www.andrina.de\/index.php\/sponsoren\/#breadcrumb"},"inLanguage":"de","potentialAction":[{"@type":"ReadAction","target":["https:\/\/www.andrina.de\/index.php\/sponsoren\/"]}]},{"@type":"BreadcrumbList","@id":"https:\/\/www.andrina.de\/index.php\/sponsoren\/#breadcrumb","itemListElement":[{"@type":"ListItem","position":1,"name":"Home","item":"https:\/\/www.andrina.de\/"},{"@type":"ListItem","position":2,"name":"Sponsoren"}]},{"@type":"WebSite","@id":"https:\/\/www.andrina.de\/#website","url":"https:\/\/www.andrina.de\/","name":"Andrina.de","description":"Blogazine gesponsert von purux","publisher":{"@id":"https:\/\/www.andrina.de\/#organization"},"potentialAction":[{"@type":"SearchAction","target":{"@type":"EntryPoint","urlTemplate":"https:\/\/www.andrina.de\/?s={search_term_string}"},"query-input":"required name=search_term_string"}],"inLanguage":"de"},{"@type":"Organization","@id":"https:\/\/www.andrina.de\/#organization","name":"Andrina.de","url":"https:\/\/www.andrina.de\/","logo":{"@type":"ImageObject","inLanguage":"de","@id":"https:\/\/www.andrina.de\/#\/schema\/logo\/image\/","url":"https:\/\/www.andrina.de\/wp-content\/uploads\/2020\/09\/cropped-Andrina.de_Logo_final-2.png","contentUrl":"https:\/\/www.andrina.de\/wp-content\/uploads\/2020\/09\/cropped-Andrina.de_Logo_final-2.png","width":1042,"height":984,"caption":"Andrina.de"},"image":{"@id":"https:\/\/www.andrina.de\/#\/schema\/logo\/image\/"}}]}},"_edit_lock":"1734083432:1","_edit_last":"1","tc-thumb-fld":{"_thumb_id":400,"_thumb_type":"attachment"},"fpu-thumb-fld":{"_thumb_id":400,"_thumb_type":"attachment"},"_wp_page_template":"default","layout_key":"","post_slider_check_key":"0","_yoast_wpseo_estimated-reading-time-minutes":"2","_yoast_wpseo_wordproof_timestamp":"","_yoast_wpseo_content_score":"90","_yoast_wpseo_schema_page_type":"","_yoast_wpseo_meta-robots-noindex":"","_yoast_wpseo_meta-robots-nofollow":"","_yoast_wpseo_focuskw":"Sponsoren","_yoast_wpseo_metadesc":"Hier stellen wir die Sponsoren von Andrina.de vor. Ihr m\u00f6chtet selbst Sponsor werden? Dann findet ihr hier die M\u00f6glichkeit dazu.","_yoast_wpseo_linkdex":"66","_thumbnail_id":"","_oembed_44df5b218f18914e918596cd5d2ef22d":"","_oembed_111a24df02dae89af0f02428d9b590f7":"","_links":{"self":[{"href":"https:\/\/www.andrina.de\/index.php\/wp-json\/wp\/v2\/pages\/65"}],"collection":[{"href":"https:\/\/www.andrina.de\/index.php\/wp-json\/wp\/v2\/pages"}],"about":[{"href":"https:\/\/www.andrina.de\/index.php\/wp-json\/wp\/v2\/types\/page"}],"author":[{"embeddable":true,"href":"https:\/\/www.andrina.de\/index.php\/wp-json\/wp\/v2\/users\/1"}],"replies":[{"embeddable":true,"href":"https:\/\/www.andrina.de\/index.php\/wp-json\/wp\/v2\/comments?post=65"}],"version-history":[{"count":12,"href":"https:\/\/www.andrina.de\/index.php\/wp-json\/wp\/v2\/pages\/65\/revisions"}],"predecessor-version":[{"id":176660,"href":"https:\/\/www.andrina.de\/index.php\/wp-json\/wp\/v2\/pages\/65\/revisions\/176660"}],"wp:attachment":[{"href":"https:\/\/www.andrina.de\/index.php\/wp-json\/wp\/v2\/media?parent=65"}],"curies":[{"name":"wp","href":"https:\/\/api.w.org\/{rel}","templated":true}]}}