{"id":56,"date":"2020-09-25T12:00:35","date_gmt":"2020-09-25T12:00:35","guid":{"rendered":"http:\/\/www.andrina.de\/?page_id=56"},"modified":"2025-12-03T12:50:23","modified_gmt":"2025-12-03T11:50:23","slug":"briefe","status":"publish","type":"page","link":"https:\/\/www.andrina.de\/index.php\/briefe\/","title":{"rendered":"Briefe"},"content":{"rendered":"<h3 class=\"\" style=\"text-align: left;\" data-start=\"93\" data-end=\"145\">Immer als Erste erfahren, was es Neues gibt \ud83c\udf3f<\/h3>\n<p class=\"\" style=\"text-align: left;\" data-start=\"146\" data-end=\"225\">M\u00f6chtest du keine DIY-Ideen, Wohlf\u00fchl-Tipps und Herzensprojekte mehr verpassen?<\/p>\n<p class=\"\" style=\"text-align: left;\" data-start=\"227\" data-end=\"345\">Dann trag dich in unseren Andrina-Newsletter ein! Nach Best\u00e4tigung der Anmeldung erh\u00e4ltst du dann jede Woche unsere neuesten Beitr\u00e4ge, ganz unkompliziert und direkt via E-Mail \ud83d\ude09<\/p>\n\t\t\t\t<div class=\"email_posts_subscribers\" style=\"margin-bottom: var(--global--spacing-unit);\">\r\n\t\t\t\t\t\t<form action=\"#\" method=\"post\" class=\"elp_form\" id=\"elp_form_1778469650\">\r\n\t\t\t\t<p><span class=\"name\">Name<\/span><br \/><input type=\"text\" name=\"name\" id=\"name\" placeholder=\"Name\" value=\"\" maxlength=\"50\" required\/><\/p>\t\t\t\t<p><span class=\"email\">Email<\/span><br \/><input type=\"email\" id=\"email\" name=\"email\" value=\"\" placeholder=\"Email\"  maxlength=\"225\" required\/><\/p>\t\t\t\t\t\t\t\t<p style=\"margin-top:20px;\">\r\n\t\t\t\t<input name=\"submit\" id=\"elp_form_submit_1778469650\" value=\"Submit\" type=\"submit\" \/>\r\n\t\t\t\t<\/p>\r\n\t\t\t\t<span class=\"elp_form_spinner\" id=\"elp-loading-image\" style=\"display:none;\">\r\n\t\t\t\t\t<img src=\"https:\/\/www.andrina.de\/wp-content\/plugins\/email-posts-to-subscribers\/inc\/ajax-loader.gif\" \/>\r\n\t\t\t\t<\/span>\r\n\t\t\t\t<input name=\"nonce\" id=\"nonce\" value=\"3f14627ab7\" type=\"hidden\"\/>\r\n\t\t\t\t<input name=\"group\" id=\"group\" value=\"Public\" type=\"hidden\"\/>\r\n\t\t\t\t<input type=\"text\" style=\"display:none;\" id=\"email_name\" name=\"email_name\" value=\"\" type=\"hidden\"\/>\r\n\t\t\t<\/form>\t\r\n\t\t\t<span class=\"elp_form_message\" id=\"elp_form_message_1778469650\"><\/span>\r\n\t\t<\/div>\r\n\t\t<br \/>\r\n\t\n<p class=\"\" style=\"text-align: left;\" data-start=\"373\" data-end=\"473\">Und schon bist du dabei \u2013 ganz unkompliziert \ud83d\ude42<\/p>\n<p><img decoding=\"async\" loading=\"lazy\" class=\" wp-image-622 aligncenter\" src=\"https:\/\/www.andrina.de\/wp-content\/uploads\/2020\/11\/Briefe_von_Andrina.de_-1024x683.jpg\" alt=\"\" width=\"674\" height=\"449\" srcset=\"https:\/\/www.andrina.de\/wp-content\/uploads\/2020\/11\/Briefe_von_Andrina.de_-1024x683.jpg 1024w, https:\/\/www.andrina.de\/wp-content\/uploads\/2020\/11\/Briefe_von_Andrina.de_-300x200.jpg 300w, https:\/\/www.andrina.de\/wp-content\/uploads\/2020\/11\/Briefe_von_Andrina.de_-768x512.jpg 768w, https:\/\/www.andrina.de\/wp-content\/uploads\/2020\/11\/Briefe_von_Andrina.de_-570x380.jpg 570w, https:\/\/www.andrina.de\/wp-content\/uploads\/2020\/11\/Briefe_von_Andrina.de_.jpg 1500w\" sizes=\"(max-width: 674px) 100vw, 674px\" \/><\/p>\n","protected":false},"excerpt":{"rendered":"<p>Immer als Erste erfahren, was es Neues gibt \ud83c\udf3f M\u00f6chtest du keine DIY-Ideen, Wohlf\u00fchl-Tipps und Herzensprojekte mehr verpassen? Dann trag dich in unseren Andrina-Newsletter ein! Nach Best\u00e4tigung der Anmeldung erh\u00e4ltst du dann jede Woche unsere neuesten Beitr\u00e4ge, ganz unkompliziert und direkt via E-Mail \ud83d\ude09 Und schon bist du dabei \u2013 ganz unkompliziert \ud83d\ude42<\/p>\n","protected":false},"author":1,"featured_media":622,"parent":0,"menu_order":0,"comment_status":"closed","ping_status":"closed","template":"","meta":{"footnotes":""},"yoast_head":"<!-- This site is optimized with the Yoast SEO plugin v21.4 - https:\/\/yoast.com\/wordpress\/plugins\/seo\/ -->\n<title>Briefe - Andrina.de<\/title>\n<meta name=\"description\" content=\"Durch die Anmeldung bei Briefe von Andrina.de erhaltet ihr kostenlose die neusten Tipps, Ideen und Inspiration.\" \/>\n<meta name=\"robots\" content=\"index, follow, max-snippet:-1, max-image-preview:large, max-video-preview:-1\" \/>\n<link rel=\"canonical\" href=\"https:\/\/www.andrina.de\/index.php\/briefe\/\" \/>\n<meta property=\"og:locale\" content=\"de_DE\" \/>\n<meta property=\"og:type\" content=\"article\" \/>\n<meta property=\"og:title\" content=\"Briefe - Andrina.de\" \/>\n<meta property=\"og:description\" content=\"Durch die Anmeldung bei Briefe von Andrina.de erhaltet ihr kostenlose die neusten Tipps, Ideen und Inspiration.\" \/>\n<meta property=\"og:url\" content=\"https:\/\/www.andrina.de\/index.php\/briefe\/\" \/>\n<meta property=\"og:site_name\" content=\"Andrina.de\" \/>\n<meta property=\"article:modified_time\" content=\"2025-12-03T11:50:23+00:00\" \/>\n<meta property=\"og:image\" content=\"https:\/\/www.andrina.de\/wp-content\/uploads\/2020\/11\/Briefe_von_Andrina.de_.jpg\" \/>\n\t<meta property=\"og:image:width\" content=\"1500\" \/>\n\t<meta property=\"og:image:height\" content=\"1000\" \/>\n\t<meta property=\"og:image:type\" content=\"image\/jpeg\" \/>\n<meta name=\"twitter:card\" content=\"summary_large_image\" \/>\n<meta name=\"twitter:label1\" content=\"Est. reading time\" \/>\n\t<meta name=\"twitter:data1\" content=\"1 minute\" \/>\n<script type=\"application\/ld+json\" class=\"yoast-schema-graph\">{\"@context\":\"https:\/\/schema.org\",\"@graph\":[{\"@type\":\"WebPage\",\"@id\":\"https:\/\/www.andrina.de\/index.php\/briefe\/\",\"url\":\"https:\/\/www.andrina.de\/index.php\/briefe\/\",\"name\":\"Briefe - Andrina.de\",\"isPartOf\":{\"@id\":\"https:\/\/www.andrina.de\/#website\"},\"datePublished\":\"2020-09-25T12:00:35+00:00\",\"dateModified\":\"2025-12-03T11:50:23+00:00\",\"description\":\"Durch die Anmeldung bei Briefe von Andrina.de erhaltet ihr kostenlose die neusten Tipps, Ideen und Inspiration.\",\"breadcrumb\":{\"@id\":\"https:\/\/www.andrina.de\/index.php\/briefe\/#breadcrumb\"},\"inLanguage\":\"de\",\"potentialAction\":[{\"@type\":\"ReadAction\",\"target\":[\"https:\/\/www.andrina.de\/index.php\/briefe\/\"]}]},{\"@type\":\"BreadcrumbList\",\"@id\":\"https:\/\/www.andrina.de\/index.php\/briefe\/#breadcrumb\",\"itemListElement\":[{\"@type\":\"ListItem\",\"position\":1,\"name\":\"Home\",\"item\":\"https:\/\/www.andrina.de\/\"},{\"@type\":\"ListItem\",\"position\":2,\"name\":\"Briefe\"}]},{\"@type\":\"WebSite\",\"@id\":\"https:\/\/www.andrina.de\/#website\",\"url\":\"https:\/\/www.andrina.de\/\",\"name\":\"Andrina.de\",\"description\":\"Blogazine gesponsert von purux\",\"publisher\":{\"@id\":\"https:\/\/www.andrina.de\/#organization\"},\"potentialAction\":[{\"@type\":\"SearchAction\",\"target\":{\"@type\":\"EntryPoint\",\"urlTemplate\":\"https:\/\/www.andrina.de\/?s={search_term_string}\"},\"query-input\":\"required name=search_term_string\"}],\"inLanguage\":\"de\"},{\"@type\":\"Organization\",\"@id\":\"https:\/\/www.andrina.de\/#organization\",\"name\":\"Andrina.de\",\"url\":\"https:\/\/www.andrina.de\/\",\"logo\":{\"@type\":\"ImageObject\",\"inLanguage\":\"de\",\"@id\":\"https:\/\/www.andrina.de\/#\/schema\/logo\/image\/\",\"url\":\"https:\/\/www.andrina.de\/wp-content\/uploads\/2020\/09\/cropped-Andrina.de_Logo_final-2.png\",\"contentUrl\":\"https:\/\/www.andrina.de\/wp-content\/uploads\/2020\/09\/cropped-Andrina.de_Logo_final-2.png\",\"width\":1042,\"height\":984,\"caption\":\"Andrina.de\"},\"image\":{\"@id\":\"https:\/\/www.andrina.de\/#\/schema\/logo\/image\/\"}}]}<\/script>\n<!-- \/ Yoast SEO plugin. -->","yoast_head_json":{"title":"Briefe - Andrina.de","description":"Durch die Anmeldung bei Briefe von Andrina.de erhaltet ihr kostenlose die neusten Tipps, Ideen und Inspiration.","robots":{"index":"index","follow":"follow","max-snippet":"max-snippet:-1","max-image-preview":"max-image-preview:large","max-video-preview":"max-video-preview:-1"},"canonical":"https:\/\/www.andrina.de\/index.php\/briefe\/","og_locale":"de_DE","og_type":"article","og_title":"Briefe - Andrina.de","og_description":"Durch die Anmeldung bei Briefe von Andrina.de erhaltet ihr kostenlose die neusten Tipps, Ideen und Inspiration.","og_url":"https:\/\/www.andrina.de\/index.php\/briefe\/","og_site_name":"Andrina.de","article_modified_time":"2025-12-03T11:50:23+00:00","og_image":[{"width":1500,"height":1000,"url":"https:\/\/www.andrina.de\/wp-content\/uploads\/2020\/11\/Briefe_von_Andrina.de_.jpg","type":"image\/jpeg"}],"twitter_card":"summary_large_image","twitter_misc":{"Est. reading time":"1 minute"},"schema":{"@context":"https:\/\/schema.org","@graph":[{"@type":"WebPage","@id":"https:\/\/www.andrina.de\/index.php\/briefe\/","url":"https:\/\/www.andrina.de\/index.php\/briefe\/","name":"Briefe - Andrina.de","isPartOf":{"@id":"https:\/\/www.andrina.de\/#website"},"datePublished":"2020-09-25T12:00:35+00:00","dateModified":"2025-12-03T11:50:23+00:00","description":"Durch die Anmeldung bei Briefe von Andrina.de erhaltet ihr kostenlose die neusten Tipps, Ideen und Inspiration.","breadcrumb":{"@id":"https:\/\/www.andrina.de\/index.php\/briefe\/#breadcrumb"},"inLanguage":"de","potentialAction":[{"@type":"ReadAction","target":["https:\/\/www.andrina.de\/index.php\/briefe\/"]}]},{"@type":"BreadcrumbList","@id":"https:\/\/www.andrina.de\/index.php\/briefe\/#breadcrumb","itemListElement":[{"@type":"ListItem","position":1,"name":"Home","item":"https:\/\/www.andrina.de\/"},{"@type":"ListItem","position":2,"name":"Briefe"}]},{"@type":"WebSite","@id":"https:\/\/www.andrina.de\/#website","url":"https:\/\/www.andrina.de\/","name":"Andrina.de","description":"Blogazine gesponsert von purux","publisher":{"@id":"https:\/\/www.andrina.de\/#organization"},"potentialAction":[{"@type":"SearchAction","target":{"@type":"EntryPoint","urlTemplate":"https:\/\/www.andrina.de\/?s={search_term_string}"},"query-input":"required name=search_term_string"}],"inLanguage":"de"},{"@type":"Organization","@id":"https:\/\/www.andrina.de\/#organization","name":"Andrina.de","url":"https:\/\/www.andrina.de\/","logo":{"@type":"ImageObject","inLanguage":"de","@id":"https:\/\/www.andrina.de\/#\/schema\/logo\/image\/","url":"https:\/\/www.andrina.de\/wp-content\/uploads\/2020\/09\/cropped-Andrina.de_Logo_final-2.png","contentUrl":"https:\/\/www.andrina.de\/wp-content\/uploads\/2020\/09\/cropped-Andrina.de_Logo_final-2.png","width":1042,"height":984,"caption":"Andrina.de"},"image":{"@id":"https:\/\/www.andrina.de\/#\/schema\/logo\/image\/"}}]}},"_edit_lock":"1764772811:1","_edit_last":"1","tc-thumb-fld":{"_thumb_id":622,"_thumb_type":"thumb"},"fpu-thumb-fld":{"_thumb_id":622,"_thumb_type":"thumb"},"_wp_page_template":"default","layout_key":"","post_slider_check_key":"0","_yoast_wpseo_estimated-reading-time-minutes":"1","_yoast_wpseo_wordproof_timestamp":"","_yoast_wpseo_content_score":"60","_yoast_wpseo_schema_page_type":"","_yoast_wpseo_meta-robots-noindex":"","_yoast_wpseo_meta-robots-nofollow":"","_yoast_wpseo_focuskw":"Briefe von Andrina.de","_yoast_wpseo_metadesc":"Durch die Anmeldung bei Briefe von Andrina.de erhaltet ihr kostenlose die neusten Tipps, Ideen und Inspiration.","_yoast_wpseo_linkdex":"44","_thumbnail_id":"622","_oembed_44df5b218f18914e918596cd5d2ef22d":"","_oembed_111a24df02dae89af0f02428d9b590f7":"","_links":{"self":[{"href":"https:\/\/www.andrina.de\/index.php\/wp-json\/wp\/v2\/pages\/56"}],"collection":[{"href":"https:\/\/www.andrina.de\/index.php\/wp-json\/wp\/v2\/pages"}],"about":[{"href":"https:\/\/www.andrina.de\/index.php\/wp-json\/wp\/v2\/types\/page"}],"author":[{"embeddable":true,"href":"https:\/\/www.andrina.de\/index.php\/wp-json\/wp\/v2\/users\/1"}],"replies":[{"embeddable":true,"href":"https:\/\/www.andrina.de\/index.php\/wp-json\/wp\/v2\/comments?post=56"}],"version-history":[{"count":10,"href":"https:\/\/www.andrina.de\/index.php\/wp-json\/wp\/v2\/pages\/56\/revisions"}],"predecessor-version":[{"id":303093,"href":"https:\/\/www.andrina.de\/index.php\/wp-json\/wp\/v2\/pages\/56\/revisions\/303093"}],"wp:featuredmedia":[{"embeddable":true,"href":"https:\/\/www.andrina.de\/index.php\/wp-json\/wp\/v2\/media\/622"}],"wp:attachment":[{"href":"https:\/\/www.andrina.de\/index.php\/wp-json\/wp\/v2\/media?parent=56"}],"curies":[{"name":"wp","href":"https:\/\/api.w.org\/{rel}","templated":true}]}}