{"id":311570,"date":"2026-02-10T15:51:47","date_gmt":"2026-02-10T14:51:47","guid":{"rendered":"https:\/\/www.andrina.de\/?page_id=311570"},"modified":"2026-02-12T10:39:40","modified_gmt":"2026-02-12T09:39:40","slug":"friends-of-andrina","status":"publish","type":"page","link":"https:\/\/www.andrina.de\/index.php\/friends-of-andrina\/","title":{"rendered":"Friends of Andrina"},"content":{"rendered":"<p>Friends of Andria ist das Audio und Video Label von Andrina.de<br \/>\nHier finden Sie einen Teil unser Werke zum Download.<\/p>\n<h1>Natron Songs<\/h1>\n<!--[if lt IE 9]><script>document.createElement('audio');<\/script><![endif]-->\n\t<div class=\"wp-playlist wp-audio-playlist wp-playlist-light\">\n\t\t\t<div class=\"wp-playlist-current-item\"><\/div>\n\t\t<audio controls=\"controls\" preload=\"none\" width=\"1118\"\n\t\t\t><\/audio>\n\t<div class=\"wp-playlist-next\"><\/div>\n\t<div class=\"wp-playlist-prev\"><\/div>\n\t<noscript>\n\t<ol>\n\t\t<li><a href='https:\/\/www.andrina.de\/wp-content\/uploads\/2026\/02\/Natron-ist-Party.mp3'>Natron ist Party<\/a><\/li><li><a href='https:\/\/www.andrina.de\/wp-content\/uploads\/2026\/02\/Natron-ist-Soul.mp3'>Natron ist Soul<\/a><\/li><li><a href='https:\/\/www.andrina.de\/wp-content\/uploads\/2026\/02\/Natron-ist-im-House.mp3'>Natron ist im House<\/a><\/li><li><a href='https:\/\/www.andrina.de\/wp-content\/uploads\/2026\/02\/Natron-fuer-Metall.mp3'>Natron f\u00fcr Metall<\/a><\/li><li><a href='https:\/\/www.andrina.de\/wp-content\/uploads\/2026\/02\/Natron-fuers-Country.mp3'>Natron f\u00fcrs Country<\/a><\/li><li><a href='https:\/\/www.andrina.de\/wp-content\/uploads\/2026\/02\/Natron-fuer-Kinder-1.mp3'>Natron f\u00fcr Kinder<\/a><\/li><li><a href='https:\/\/www.andrina.de\/wp-content\/uploads\/2026\/02\/Natron-Balkan-Party-Remix.mp3'>Natron - Balkan Party (Remix)<\/a><\/li><li><a href='https:\/\/www.andrina.de\/wp-content\/uploads\/2026\/02\/Sode-Lukavac-Edition.mp3'>Sode - Lukavac Edition<\/a><\/li>\t<\/ol>\n\t<\/noscript>\n\t<script type=\"application\/json\" class=\"wp-playlist-script\">{\"type\":\"audio\",\"tracklist\":true,\"tracknumbers\":true,\"images\":true,\"artists\":true,\"tracks\":[{\"src\":\"https:\\\/\\\/www.andrina.de\\\/wp-content\\\/uploads\\\/2026\\\/02\\\/Natron-ist-Party.mp3\",\"type\":\"audio\\\/mpeg\",\"title\":\"Natron ist Party\",\"caption\":\"\",\"description\":\"\",\"meta\":{\"artist\":\"Ivo Berger\",\"album\":\"Natron\",\"length_formatted\":\"2:45\"},\"image\":{\"src\":\"https:\\\/\\\/www.andrina.de\\\/wp-content\\\/uploads\\\/2026\\\/02\\\/Natron-ist-Party-mp3-image.jpg\",\"width\":360,\"height\":360},\"thumb\":{\"src\":\"https:\\\/\\\/www.andrina.de\\\/wp-content\\\/uploads\\\/2026\\\/02\\\/Natron-ist-Party-mp3-image-150x150.jpg\",\"width\":150,\"height\":150}},{\"src\":\"https:\\\/\\\/www.andrina.de\\\/wp-content\\\/uploads\\\/2026\\\/02\\\/Natron-ist-Soul.mp3\",\"type\":\"audio\\\/mpeg\",\"title\":\"Natron ist Soul\",\"caption\":\"\",\"description\":\"\",\"meta\":{\"artist\":\"Ivo Berger\",\"album\":\"Natron\",\"length_formatted\":\"2:51\"},\"image\":{\"src\":\"https:\\\/\\\/www.andrina.de\\\/wp-content\\\/uploads\\\/2026\\\/02\\\/Natron-ist-Soul-mp3-image.jpg\",\"width\":360,\"height\":360},\"thumb\":{\"src\":\"https:\\\/\\\/www.andrina.de\\\/wp-content\\\/uploads\\\/2026\\\/02\\\/Natron-ist-Soul-mp3-image-150x150.jpg\",\"width\":150,\"height\":150}},{\"src\":\"https:\\\/\\\/www.andrina.de\\\/wp-content\\\/uploads\\\/2026\\\/02\\\/Natron-ist-im-House.mp3\",\"type\":\"audio\\\/mpeg\",\"title\":\"Natron ist im House\",\"caption\":\"\",\"description\":\"\",\"meta\":{\"artist\":\"Ivo Berger\",\"album\":\"Natron\",\"length_formatted\":\"5:59\"},\"image\":{\"src\":\"https:\\\/\\\/www.andrina.de\\\/wp-content\\\/uploads\\\/2026\\\/02\\\/Natron-ist-im-House-mp3-image.jpg\",\"width\":360,\"height\":360},\"thumb\":{\"src\":\"https:\\\/\\\/www.andrina.de\\\/wp-content\\\/uploads\\\/2026\\\/02\\\/Natron-ist-im-House-mp3-image-150x150.jpg\",\"width\":150,\"height\":150}},{\"src\":\"https:\\\/\\\/www.andrina.de\\\/wp-content\\\/uploads\\\/2026\\\/02\\\/Natron-fuer-Metall.mp3\",\"type\":\"audio\\\/mpeg\",\"title\":\"Natron f\\u00fcr Metall\",\"caption\":\"\",\"description\":\"\",\"meta\":{\"artist\":\"Ivo Berger\",\"length_formatted\":\"3:22\"},\"image\":{\"src\":\"https:\\\/\\\/www.andrina.de\\\/wp-content\\\/uploads\\\/2026\\\/02\\\/Natron-fuer-Metall-mp3-image.jpg\",\"width\":360,\"height\":360},\"thumb\":{\"src\":\"https:\\\/\\\/www.andrina.de\\\/wp-content\\\/uploads\\\/2026\\\/02\\\/Natron-fuer-Metall-mp3-image-150x150.jpg\",\"width\":150,\"height\":150}},{\"src\":\"https:\\\/\\\/www.andrina.de\\\/wp-content\\\/uploads\\\/2026\\\/02\\\/Natron-fuers-Country.mp3\",\"type\":\"audio\\\/mpeg\",\"title\":\"Natron f\\u00fcrs Country\",\"caption\":\"\",\"description\":\"\",\"meta\":{\"artist\":\"Ivo Berger\",\"length_formatted\":\"2:57\"},\"image\":{\"src\":\"https:\\\/\\\/www.andrina.de\\\/wp-content\\\/uploads\\\/2026\\\/02\\\/Natron-fuers-Country-mp3-image.jpg\",\"width\":360,\"height\":360},\"thumb\":{\"src\":\"https:\\\/\\\/www.andrina.de\\\/wp-content\\\/uploads\\\/2026\\\/02\\\/Natron-fuers-Country-mp3-image-150x150.jpg\",\"width\":150,\"height\":150}},{\"src\":\"https:\\\/\\\/www.andrina.de\\\/wp-content\\\/uploads\\\/2026\\\/02\\\/Natron-fuer-Kinder-1.mp3\",\"type\":\"audio\\\/mpeg\",\"title\":\"Natron f\\u00fcr Kinder\",\"caption\":\"\",\"description\":\"\",\"meta\":{\"artist\":\"Ivo Berger\",\"album\":\"Natron\",\"length_formatted\":\"2:39\"},\"image\":{\"src\":\"https:\\\/\\\/www.andrina.de\\\/wp-content\\\/uploads\\\/2026\\\/02\\\/Natron-fuer-Kinder-1-mp3-image.jpg\",\"width\":1024,\"height\":1024},\"thumb\":{\"src\":\"https:\\\/\\\/www.andrina.de\\\/wp-content\\\/uploads\\\/2026\\\/02\\\/Natron-fuer-Kinder-1-mp3-image-150x150.jpg\",\"width\":150,\"height\":150}},{\"src\":\"https:\\\/\\\/www.andrina.de\\\/wp-content\\\/uploads\\\/2026\\\/02\\\/Natron-Balkan-Party-Remix.mp3\",\"type\":\"audio\\\/mpeg\",\"title\":\"Natron - Balkan Party (Remix)\",\"caption\":\"\",\"description\":\"\",\"meta\":{\"artist\":\"Ivo Crnic\",\"album\":\"Balkan\",\"length_formatted\":\"4:42\"},\"image\":{\"src\":\"https:\\\/\\\/www.andrina.de\\\/wp-content\\\/uploads\\\/2026\\\/02\\\/Natron-Balkan-Party-Remix-mp3-image.jpg\",\"width\":360,\"height\":360},\"thumb\":{\"src\":\"https:\\\/\\\/www.andrina.de\\\/wp-content\\\/uploads\\\/2026\\\/02\\\/Natron-Balkan-Party-Remix-mp3-image-150x150.jpg\",\"width\":150,\"height\":150}},{\"src\":\"https:\\\/\\\/www.andrina.de\\\/wp-content\\\/uploads\\\/2026\\\/02\\\/Sode-Lukavac-Edition.mp3\",\"type\":\"audio\\\/mpeg\",\"title\":\"Sode - Lukavac Edition\",\"caption\":\"Danke an die Menschen von Sisekam Lukavac\",\"description\":\"\",\"meta\":{\"artist\":\"Ivo Crnic\",\"album\":\"Balkan\",\"length_formatted\":\"3:47\"},\"image\":{\"src\":\"https:\\\/\\\/www.andrina.de\\\/wp-content\\\/uploads\\\/2026\\\/02\\\/Sode-Lukavac-Edition-mp3-image.jpg\",\"width\":360,\"height\":360},\"thumb\":{\"src\":\"https:\\\/\\\/www.andrina.de\\\/wp-content\\\/uploads\\\/2026\\\/02\\\/Sode-Lukavac-Edition-mp3-image-150x150.jpg\",\"width\":150,\"height\":150}}]}<\/script>\n<\/div>\n\t\n<h2>Download Section<\/h2>\n<p>Party &#8211; <a href=\"https:\/\/www.andrina.de\/wp-content\/uploads\/2026\/02\/Natron-ist-Party-1.mp3\">Natron ist Party<\/a><\/p>\n<p>Soul &#8211; <a href=\"https:\/\/www.andrina.de\/wp-content\/uploads\/2026\/02\/Natron-ist-Soul.mp3\">Natron ist Soul<\/a><\/p>\n<p>Metall &#8211; <a href=\"https:\/\/www.andrina.de\/wp-content\/uploads\/2026\/02\/Natron-fuer-Metall.mp3\">Natron f\u00fcr Metall<\/a><\/p>\n<p>Country &#8211; <a href=\"https:\/\/www.andrina.de\/wp-content\/uploads\/2026\/02\/Natron-fuers-Country.mp3\">Natron f\u00fcrs Country<\/a><\/p>\n<p>House &#8211; <a href=\"https:\/\/www.andrina.de\/wp-content\/uploads\/2026\/02\/Natron-ist-im-House.mp3\">Natron ist im House<\/a><\/p>\n<p>Kinder &#8211; <a href=\"https:\/\/www.andrina.de\/wp-content\/uploads\/2026\/02\/Natron-fuer-Kinder-1.mp3\">Natron f\u00fcr Kinder<\/a><\/p>\n<p>Balkan &#8211; <a href=\"https:\/\/www.andrina.de\/wp-content\/uploads\/2026\/02\/Natron-Balkan-Party-Remix.mp3\">Natron &#8211; Balkan Party (Remix)<\/a><\/p>\n<p>Danke an die Menschen die f\u00fcr uns das Natron produzieren &#8211; <a href=\"https:\/\/www.andrina.de\/wp-content\/uploads\/2026\/02\/Sode-Lukavac-Edition.mp3\">Sode &#8211; Lukavac Edition<\/a><\/p>\n","protected":false},"excerpt":{"rendered":"<p>Friends of Andria ist das Audio und Video Label von Andrina.de Hier finden Sie einen Teil unser Werke zum Download. Natron Songs Download Section Party &#8211; Natron ist Party Soul &#8211; Natron ist Soul Metall &#8211; Natron f\u00fcr Metall Country &#8211; Natron f\u00fcrs Country House &#8211; Natron ist im House Kinder &#8211; Natron f\u00fcr Kinder [&hellip;]<\/p>\n","protected":false},"author":1,"featured_media":0,"parent":0,"menu_order":0,"comment_status":"closed","ping_status":"closed","template":"","meta":{"footnotes":""},"yoast_head":"<!-- This site is optimized with the Yoast SEO plugin v21.4 - https:\/\/yoast.com\/wordpress\/plugins\/seo\/ -->\n<title>Friends of Andrina - Andrina.de<\/title>\n<meta name=\"robots\" content=\"index, follow, max-snippet:-1, max-image-preview:large, max-video-preview:-1\" \/>\n<link rel=\"canonical\" href=\"https:\/\/www.andrina.de\/index.php\/friends-of-andrina\/\" \/>\n<meta property=\"og:locale\" content=\"de_DE\" \/>\n<meta property=\"og:type\" content=\"article\" \/>\n<meta property=\"og:title\" content=\"Friends of Andrina - Andrina.de\" \/>\n<meta property=\"og:description\" content=\"Friends of Andria ist das Audio und Video Label von Andrina.de Hier finden Sie einen Teil unser Werke zum Download. Natron Songs Download Section Party &#8211; Natron ist Party Soul &#8211; Natron ist Soul Metall &#8211; Natron f\u00fcr Metall Country &#8211; Natron f\u00fcrs Country House &#8211; Natron ist im House Kinder &#8211; Natron f\u00fcr Kinder [&hellip;]\" \/>\n<meta property=\"og:url\" content=\"https:\/\/www.andrina.de\/index.php\/friends-of-andrina\/\" \/>\n<meta property=\"og:site_name\" content=\"Andrina.de\" \/>\n<meta property=\"article:modified_time\" content=\"2026-02-12T09:39:40+00:00\" \/>\n<meta name=\"twitter:card\" content=\"summary_large_image\" \/>\n<meta name=\"twitter:label1\" content=\"Est. reading time\" \/>\n\t<meta name=\"twitter:data1\" content=\"1 minute\" \/>\n<script type=\"application\/ld+json\" class=\"yoast-schema-graph\">{\"@context\":\"https:\/\/schema.org\",\"@graph\":[{\"@type\":\"WebPage\",\"@id\":\"https:\/\/www.andrina.de\/index.php\/friends-of-andrina\/\",\"url\":\"https:\/\/www.andrina.de\/index.php\/friends-of-andrina\/\",\"name\":\"Friends of Andrina - Andrina.de\",\"isPartOf\":{\"@id\":\"https:\/\/www.andrina.de\/#website\"},\"datePublished\":\"2026-02-10T14:51:47+00:00\",\"dateModified\":\"2026-02-12T09:39:40+00:00\",\"breadcrumb\":{\"@id\":\"https:\/\/www.andrina.de\/index.php\/friends-of-andrina\/#breadcrumb\"},\"inLanguage\":\"de\",\"potentialAction\":[{\"@type\":\"ReadAction\",\"target\":[\"https:\/\/www.andrina.de\/index.php\/friends-of-andrina\/\"]}]},{\"@type\":\"BreadcrumbList\",\"@id\":\"https:\/\/www.andrina.de\/index.php\/friends-of-andrina\/#breadcrumb\",\"itemListElement\":[{\"@type\":\"ListItem\",\"position\":1,\"name\":\"Home\",\"item\":\"https:\/\/www.andrina.de\/\"},{\"@type\":\"ListItem\",\"position\":2,\"name\":\"Friends of Andrina\"}]},{\"@type\":\"WebSite\",\"@id\":\"https:\/\/www.andrina.de\/#website\",\"url\":\"https:\/\/www.andrina.de\/\",\"name\":\"Andrina.de\",\"description\":\"Blogazine gesponsert von purux\",\"publisher\":{\"@id\":\"https:\/\/www.andrina.de\/#organization\"},\"potentialAction\":[{\"@type\":\"SearchAction\",\"target\":{\"@type\":\"EntryPoint\",\"urlTemplate\":\"https:\/\/www.andrina.de\/?s={search_term_string}\"},\"query-input\":\"required name=search_term_string\"}],\"inLanguage\":\"de\"},{\"@type\":\"Organization\",\"@id\":\"https:\/\/www.andrina.de\/#organization\",\"name\":\"Andrina.de\",\"url\":\"https:\/\/www.andrina.de\/\",\"logo\":{\"@type\":\"ImageObject\",\"inLanguage\":\"de\",\"@id\":\"https:\/\/www.andrina.de\/#\/schema\/logo\/image\/\",\"url\":\"https:\/\/www.andrina.de\/wp-content\/uploads\/2020\/09\/cropped-Andrina.de_Logo_final-2.png\",\"contentUrl\":\"https:\/\/www.andrina.de\/wp-content\/uploads\/2020\/09\/cropped-Andrina.de_Logo_final-2.png\",\"width\":1042,\"height\":984,\"caption\":\"Andrina.de\"},\"image\":{\"@id\":\"https:\/\/www.andrina.de\/#\/schema\/logo\/image\/\"}}]}<\/script>\n<!-- \/ Yoast SEO plugin. -->","yoast_head_json":{"title":"Friends of Andrina - Andrina.de","robots":{"index":"index","follow":"follow","max-snippet":"max-snippet:-1","max-image-preview":"max-image-preview:large","max-video-preview":"max-video-preview:-1"},"canonical":"https:\/\/www.andrina.de\/index.php\/friends-of-andrina\/","og_locale":"de_DE","og_type":"article","og_title":"Friends of Andrina - Andrina.de","og_description":"Friends of Andria ist das Audio und Video Label von Andrina.de Hier finden Sie einen Teil unser Werke zum Download. Natron Songs Download Section Party &#8211; Natron ist Party Soul &#8211; Natron ist Soul Metall &#8211; Natron f\u00fcr Metall Country &#8211; Natron f\u00fcrs Country House &#8211; Natron ist im House Kinder &#8211; Natron f\u00fcr Kinder [&hellip;]","og_url":"https:\/\/www.andrina.de\/index.php\/friends-of-andrina\/","og_site_name":"Andrina.de","article_modified_time":"2026-02-12T09:39:40+00:00","twitter_card":"summary_large_image","twitter_misc":{"Est. reading time":"1 minute"},"schema":{"@context":"https:\/\/schema.org","@graph":[{"@type":"WebPage","@id":"https:\/\/www.andrina.de\/index.php\/friends-of-andrina\/","url":"https:\/\/www.andrina.de\/index.php\/friends-of-andrina\/","name":"Friends of Andrina - Andrina.de","isPartOf":{"@id":"https:\/\/www.andrina.de\/#website"},"datePublished":"2026-02-10T14:51:47+00:00","dateModified":"2026-02-12T09:39:40+00:00","breadcrumb":{"@id":"https:\/\/www.andrina.de\/index.php\/friends-of-andrina\/#breadcrumb"},"inLanguage":"de","potentialAction":[{"@type":"ReadAction","target":["https:\/\/www.andrina.de\/index.php\/friends-of-andrina\/"]}]},{"@type":"BreadcrumbList","@id":"https:\/\/www.andrina.de\/index.php\/friends-of-andrina\/#breadcrumb","itemListElement":[{"@type":"ListItem","position":1,"name":"Home","item":"https:\/\/www.andrina.de\/"},{"@type":"ListItem","position":2,"name":"Friends of Andrina"}]},{"@type":"WebSite","@id":"https:\/\/www.andrina.de\/#website","url":"https:\/\/www.andrina.de\/","name":"Andrina.de","description":"Blogazine gesponsert von purux","publisher":{"@id":"https:\/\/www.andrina.de\/#organization"},"potentialAction":[{"@type":"SearchAction","target":{"@type":"EntryPoint","urlTemplate":"https:\/\/www.andrina.de\/?s={search_term_string}"},"query-input":"required name=search_term_string"}],"inLanguage":"de"},{"@type":"Organization","@id":"https:\/\/www.andrina.de\/#organization","name":"Andrina.de","url":"https:\/\/www.andrina.de\/","logo":{"@type":"ImageObject","inLanguage":"de","@id":"https:\/\/www.andrina.de\/#\/schema\/logo\/image\/","url":"https:\/\/www.andrina.de\/wp-content\/uploads\/2020\/09\/cropped-Andrina.de_Logo_final-2.png","contentUrl":"https:\/\/www.andrina.de\/wp-content\/uploads\/2020\/09\/cropped-Andrina.de_Logo_final-2.png","width":1042,"height":984,"caption":"Andrina.de"},"image":{"@id":"https:\/\/www.andrina.de\/#\/schema\/logo\/image\/"}}]}},"_edit_lock":"1770907289:1","_edit_last":"1","tc-thumb-fld":{"_thumb_id":false,"_thumb_type":"attachment"},"fpu-thumb-fld":{"_thumb_id":null,"_thumb_type":"attachment"},"_wp_page_template":"default","layout_key":"","post_slider_check_key":"0","_yoast_wpseo_estimated-reading-time-minutes":"1","_yoast_wpseo_wordproof_timestamp":"","_yoast_wpseo_content_score":"90","_yoast_wpseo_schema_page_type":"","_yoast_wpseo_meta-robots-noindex":"","_yoast_wpseo_meta-robots-nofollow":"","_yoast_wpseo_focuskw":"","_yoast_wpseo_metadesc":"","_yoast_wpseo_linkdex":"","_thumbnail_id":"","_oembed_44df5b218f18914e918596cd5d2ef22d":"","_oembed_111a24df02dae89af0f02428d9b590f7":"","_links":{"self":[{"href":"https:\/\/www.andrina.de\/index.php\/wp-json\/wp\/v2\/pages\/311570"}],"collection":[{"href":"https:\/\/www.andrina.de\/index.php\/wp-json\/wp\/v2\/pages"}],"about":[{"href":"https:\/\/www.andrina.de\/index.php\/wp-json\/wp\/v2\/types\/page"}],"author":[{"embeddable":true,"href":"https:\/\/www.andrina.de\/index.php\/wp-json\/wp\/v2\/users\/1"}],"replies":[{"embeddable":true,"href":"https:\/\/www.andrina.de\/index.php\/wp-json\/wp\/v2\/comments?post=311570"}],"version-history":[{"count":11,"href":"https:\/\/www.andrina.de\/index.php\/wp-json\/wp\/v2\/pages\/311570\/revisions"}],"predecessor-version":[{"id":311778,"href":"https:\/\/www.andrina.de\/index.php\/wp-json\/wp\/v2\/pages\/311570\/revisions\/311778"}],"wp:attachment":[{"href":"https:\/\/www.andrina.de\/index.php\/wp-json\/wp\/v2\/media?parent=311570"}],"curies":[{"name":"wp","href":"https:\/\/api.w.org\/{rel}","templated":true}]}}